{"id":2168,"date":"2021-04-13T10:13:03","date_gmt":"2021-04-13T09:13:03","guid":{"rendered":"https:\/\/politrade.b42.it\/?page_id=2168"},"modified":"2021-04-28T10:55:06","modified_gmt":"2021-04-28T09:55:06","slug":"mood-politrade","status":"publish","type":"page","link":"https:\/\/politrade.it\/it\/mood-politrade\/","title":{"rendered":"Mood politrade"},"content":{"rendered":"\n<p>Ci\u00f2 che sentiamo come la nostra missione \u2013 e che \u00e8 anche la nostra passione \u2013 \u00e8 la ricerca di materiali, soluzioni, oggetti che possano soddisfare il gusto dei professionisti della costruzione che rivolgono a noi i propri desideri. Sia che si tratti del colore di una pietra, di nuove forme di mosaici o di un oggetto prodotto su misura, Politrade metter\u00e0 la sua esperienza e i suoi contatti al servizio dei clienti cos\u00ec da reperirli o farli produrre secondo la necessit\u00e0.<\/p>\n\n\n\n<p>Durante questo processo considereremo anche le caratteristiche tecniche dei prodotti affinch\u00e9 siano adatte all\u2019uso cui sono destinati; considereremo la reperibilit\u00e0 dei materiali nelle quantit\u00e0 che sono richieste dal progetto, la logistica di trasporto e consegna ed il prezzo che soddisfi il budget. La soddisfazione che proviamo quando un progetto \u00e8 concluso con successo non ha parole che la descrivano\u2026..<\/p>\n","protected":false},"excerpt":{"rendered":"<p>Ci\u00f2 che sentiamo come la nostra missione \u2013 e che \u00e8 anche la nostra passione \u2013 \u00e8 la ricerca di materiali, soluzioni, oggetti che possano soddisfare il gusto dei professionisti della costruzione che rivolgono a noi i propri desideri. Sia che si tratti del colore di una pietra, di nuove forme di mosaici o di&#8230; <\/p>\n<p><a class=\"c-read-more-link\" href=\"https:\/\/politrade.it\/it\/mood-politrade\/\">Read More<\/a><\/p>\n","protected":false},"author":1,"featured_media":0,"parent":0,"menu_order":0,"comment_status":"closed","ping_status":"closed","template":"","meta":{"_acf_changed":false,"footnotes":""},"class_list":["post-2168","page","type-page","status-publish","hentry"],"acf":[],"yoast_head":"<!-- This site is optimized with the Yoast SEO plugin v27.3 - https:\/\/yoast.com\/product\/yoast-seo-wordpress\/ -->\n<title>Mood politrade - Politrade<\/title>\n<meta name=\"robots\" content=\"index, follow, max-snippet:-1, max-image-preview:large, max-video-preview:-1\" \/>\n<link rel=\"canonical\" href=\"https:\/\/politrade.it\/it\/mood-politrade\/\" \/>\n<meta property=\"og:locale\" content=\"it_IT\" \/>\n<meta property=\"og:type\" content=\"article\" \/>\n<meta property=\"og:title\" content=\"Mood politrade - Politrade\" \/>\n<meta property=\"og:description\" content=\"Ci\u00f2 che sentiamo come la nostra missione \u2013 e che \u00e8 anche la nostra passione \u2013 \u00e8 la ricerca di materiali, soluzioni, oggetti che possano soddisfare il gusto dei professionisti della costruzione che rivolgono a noi i propri desideri. Sia che si tratti del colore di una pietra, di nuove forme di mosaici o di... Read More\" \/>\n<meta property=\"og:url\" content=\"https:\/\/politrade.it\/it\/mood-politrade\/\" \/>\n<meta property=\"og:site_name\" content=\"Politrade\" \/>\n<meta property=\"article:modified_time\" content=\"2021-04-28T09:55:06+00:00\" \/>\n<meta name=\"twitter:card\" content=\"summary_large_image\" \/>\n<meta name=\"twitter:label1\" content=\"Tempo di lettura stimato\" \/>\n\t<meta name=\"twitter:data1\" content=\"1 minuto\" \/>\n<script type=\"application\/ld+json\" class=\"yoast-schema-graph\">{\"@context\":\"https:\\\/\\\/schema.org\",\"@graph\":[{\"@type\":\"WebPage\",\"@id\":\"https:\\\/\\\/politrade.it\\\/it\\\/mood-politrade\\\/\",\"url\":\"https:\\\/\\\/politrade.it\\\/it\\\/mood-politrade\\\/\",\"name\":\"Mood politrade - Politrade\",\"isPartOf\":{\"@id\":\"https:\\\/\\\/politrade.it\\\/#website\"},\"datePublished\":\"2021-04-13T09:13:03+00:00\",\"dateModified\":\"2021-04-28T09:55:06+00:00\",\"breadcrumb\":{\"@id\":\"https:\\\/\\\/politrade.it\\\/it\\\/mood-politrade\\\/#breadcrumb\"},\"inLanguage\":\"it-IT\",\"potentialAction\":[{\"@type\":\"ReadAction\",\"target\":[\"https:\\\/\\\/politrade.it\\\/it\\\/mood-politrade\\\/\"]}]},{\"@type\":\"BreadcrumbList\",\"@id\":\"https:\\\/\\\/politrade.it\\\/it\\\/mood-politrade\\\/#breadcrumb\",\"itemListElement\":[{\"@type\":\"ListItem\",\"position\":1,\"name\":\"Home\",\"item\":\"https:\\\/\\\/politrade.it\\\/it\\\/\"},{\"@type\":\"ListItem\",\"position\":2,\"name\":\"Mood politrade\"}]},{\"@type\":\"WebSite\",\"@id\":\"https:\\\/\\\/politrade.it\\\/#website\",\"url\":\"https:\\\/\\\/politrade.it\\\/\",\"name\":\"Politrade\",\"description\":\"Just another WordPress site\",\"publisher\":{\"@id\":\"https:\\\/\\\/politrade.it\\\/#organization\"},\"potentialAction\":[{\"@type\":\"SearchAction\",\"target\":{\"@type\":\"EntryPoint\",\"urlTemplate\":\"https:\\\/\\\/politrade.it\\\/?s={search_term_string}\"},\"query-input\":{\"@type\":\"PropertyValueSpecification\",\"valueRequired\":true,\"valueName\":\"search_term_string\"}}],\"inLanguage\":\"it-IT\"},{\"@type\":\"Organization\",\"@id\":\"https:\\\/\\\/politrade.it\\\/#organization\",\"name\":\"Politrade\",\"url\":\"https:\\\/\\\/politrade.it\\\/\",\"logo\":{\"@type\":\"ImageObject\",\"inLanguage\":\"it-IT\",\"@id\":\"https:\\\/\\\/politrade.it\\\/#\\\/schema\\\/logo\\\/image\\\/\",\"url\":\"https:\\\/\\\/politrade.it\\\/wp-content\\\/uploads\\\/2021\\\/01\\\/politrade-logo.png\",\"contentUrl\":\"https:\\\/\\\/politrade.it\\\/wp-content\\\/uploads\\\/2021\\\/01\\\/politrade-logo.png\",\"width\":238,\"height\":31,\"caption\":\"Politrade\"},\"image\":{\"@id\":\"https:\\\/\\\/politrade.it\\\/#\\\/schema\\\/logo\\\/image\\\/\"}}]}<\/script>\n<!-- \/ Yoast SEO plugin. -->","yoast_head_json":{"title":"Mood politrade - Politrade","robots":{"index":"index","follow":"follow","max-snippet":"max-snippet:-1","max-image-preview":"max-image-preview:large","max-video-preview":"max-video-preview:-1"},"canonical":"https:\/\/politrade.it\/it\/mood-politrade\/","og_locale":"it_IT","og_type":"article","og_title":"Mood politrade - Politrade","og_description":"Ci\u00f2 che sentiamo come la nostra missione \u2013 e che \u00e8 anche la nostra passione \u2013 \u00e8 la ricerca di materiali, soluzioni, oggetti che possano soddisfare il gusto dei professionisti della costruzione che rivolgono a noi i propri desideri. Sia che si tratti del colore di una pietra, di nuove forme di mosaici o di... Read More","og_url":"https:\/\/politrade.it\/it\/mood-politrade\/","og_site_name":"Politrade","article_modified_time":"2021-04-28T09:55:06+00:00","twitter_card":"summary_large_image","twitter_misc":{"Tempo di lettura stimato":"1 minuto"},"schema":{"@context":"https:\/\/schema.org","@graph":[{"@type":"WebPage","@id":"https:\/\/politrade.it\/it\/mood-politrade\/","url":"https:\/\/politrade.it\/it\/mood-politrade\/","name":"Mood politrade - Politrade","isPartOf":{"@id":"https:\/\/politrade.it\/#website"},"datePublished":"2021-04-13T09:13:03+00:00","dateModified":"2021-04-28T09:55:06+00:00","breadcrumb":{"@id":"https:\/\/politrade.it\/it\/mood-politrade\/#breadcrumb"},"inLanguage":"it-IT","potentialAction":[{"@type":"ReadAction","target":["https:\/\/politrade.it\/it\/mood-politrade\/"]}]},{"@type":"BreadcrumbList","@id":"https:\/\/politrade.it\/it\/mood-politrade\/#breadcrumb","itemListElement":[{"@type":"ListItem","position":1,"name":"Home","item":"https:\/\/politrade.it\/it\/"},{"@type":"ListItem","position":2,"name":"Mood politrade"}]},{"@type":"WebSite","@id":"https:\/\/politrade.it\/#website","url":"https:\/\/politrade.it\/","name":"Politrade","description":"Just another WordPress site","publisher":{"@id":"https:\/\/politrade.it\/#organization"},"potentialAction":[{"@type":"SearchAction","target":{"@type":"EntryPoint","urlTemplate":"https:\/\/politrade.it\/?s={search_term_string}"},"query-input":{"@type":"PropertyValueSpecification","valueRequired":true,"valueName":"search_term_string"}}],"inLanguage":"it-IT"},{"@type":"Organization","@id":"https:\/\/politrade.it\/#organization","name":"Politrade","url":"https:\/\/politrade.it\/","logo":{"@type":"ImageObject","inLanguage":"it-IT","@id":"https:\/\/politrade.it\/#\/schema\/logo\/image\/","url":"https:\/\/politrade.it\/wp-content\/uploads\/2021\/01\/politrade-logo.png","contentUrl":"https:\/\/politrade.it\/wp-content\/uploads\/2021\/01\/politrade-logo.png","width":238,"height":31,"caption":"Politrade"},"image":{"@id":"https:\/\/politrade.it\/#\/schema\/logo\/image\/"}}]}},"_links":{"self":[{"href":"https:\/\/politrade.it\/it\/wp-json\/wp\/v2\/pages\/2168","targetHints":{"allow":["GET"]}}],"collection":[{"href":"https:\/\/politrade.it\/it\/wp-json\/wp\/v2\/pages"}],"about":[{"href":"https:\/\/politrade.it\/it\/wp-json\/wp\/v2\/types\/page"}],"author":[{"embeddable":true,"href":"https:\/\/politrade.it\/it\/wp-json\/wp\/v2\/users\/1"}],"replies":[{"embeddable":true,"href":"https:\/\/politrade.it\/it\/wp-json\/wp\/v2\/comments?post=2168"}],"version-history":[{"count":4,"href":"https:\/\/politrade.it\/it\/wp-json\/wp\/v2\/pages\/2168\/revisions"}],"predecessor-version":[{"id":2816,"href":"https:\/\/politrade.it\/it\/wp-json\/wp\/v2\/pages\/2168\/revisions\/2816"}],"wp:attachment":[{"href":"https:\/\/politrade.it\/it\/wp-json\/wp\/v2\/media?parent=2168"}],"curies":[{"name":"wp","href":"https:\/\/api.w.org\/{rel}","templated":true}]}}